{"id":179,"date":"2023-11-14T18:55:20","date_gmt":"2023-11-14T18:55:20","guid":{"rendered":"https:\/\/ulvoprinsen.se\/?page_id=179"},"modified":"2023-11-22T22:40:35","modified_gmt":"2023-11-22T21:40:35","slug":"faq","status":"publish","type":"page","link":"https:\/\/ulvoprinsen.se\/en\/faq\/","title":{"rendered":"Vanliga fr\u00e5gor"},"content":{"rendered":"<div  class=\"tatsu-HJWFifr-46 tatsu-section  tatsu-bg-overlay   tatsu-clearfix\" data-title=\"\"  data-headerscheme=\"background--dark\"><div class='tatsu-section-pad clearfix' data-padding='{\"d\":\"90px 0px 90px 0px\"}' data-padding-top='90px'><div class=\"tatsu-row-wrap  tatsu-row-full-width tatsu-row-one-col tatsu-row-has-one-cols tatsu-medium-gutter tatsu-reg-cols  tatsu-clearfix tatsu-SygKjfHZEp\" ><style>.tatsu-SygKjfHZEp.tatsu-row-wrap > .tatsu-row{padding: 0px 20% 0px 20%;}@media only screen and (max-width:1377px) {.tatsu-SygKjfHZEp.tatsu-row-wrap > .tatsu-row{padding: 0px 10% 0px 10%;}}@media only screen and (min-width:768px) and (max-width: 1024px) {.tatsu-SygKjfHZEp.tatsu-row-wrap > .tatsu-row{padding: 0px 5% 0px 5%;}}@media only screen and (max-width: 767px) {.tatsu-SygKjfHZEp.tatsu-row-wrap > .tatsu-row{padding: 0px 5% 0px 5%;}}<\/style><div  class=\"tatsu-row\" ><div  class=\"tatsu-column  tatsu-bg-overlay tatsu-one-col tatsu-column-align-middle tatsu-column-image-none tatsu-column-effect-none  tatsu-BkKjGS-NT\"  data-parallax-speed=\"0\" style=\"\"><div class=\"tatsu-column-inner\" ><div class=\"tatsu-column-pad-wrap\"><div class=\"tatsu-column-pad\" ><div  class=\"tatsu-module tatsu-inline-text clearfix tatsu-r1x3MSbVT\" ><style>.tatsu-r1x3MSbVT .tatsu-inline-text-inner{width: 100%;text-align: center;}@media only screen and (max-width: 767px) {.tatsu-r1x3MSbVT .tatsu-inline-text-inner{width: 100%;}}<\/style><div class=\"tatsu-inline-text-inner tatsu-align-center\">\n<h1 style=\"text-align: center;\">Vanliga fr\u00e5gor<\/h1>\n<\/div><\/div><div  class=\"tatsu-module tatsu-inline-text clearfix tatsu-H14TGSZN6\" ><style>.tatsu-H14TGSZN6 .tatsu-inline-text-inner{width: 100%;text-align: center;}.tatsu-H14TGSZN6.tatsu-inline-text{margin: 0px 0px 60px 0px;}@media only screen and (max-width: 767px) {.tatsu-H14TGSZN6 .tatsu-inline-text-inner{width: 100%;}}<\/style><div class=\"tatsu-inline-text-inner tatsu-align-center\">\n<p style=\"text-align: center;\"><span class=\"body_1\">H\u00e4r finns en sammanst\u00e4llning \u00f6ver vanliga fr\u00e5gor med svar. <br \/>Hittar du inte det du s\u00f6ker? Kontakta oss!\u00a0<\/span><\/p>\n<\/div><\/div><div  class=\"tatsu-module tatsu-inline-text clearfix tatsu-BkcipUHET\" ><style>.tatsu-BkcipUHET .tatsu-inline-text-inner{width: 100%;text-align: center;}@media only screen and (max-width: 767px) {.tatsu-BkcipUHET .tatsu-inline-text-inner{width: 100%;}}<\/style><div class=\"tatsu-inline-text-inner tatsu-align-center\">\n<h2>Handla, order &#038; betalning<\/h2>\n<\/div><\/div><div  class=\"tatsu-module tatsu-accordion tatsu-accordion-style1 tatsu-SyohaLB46\"  ><style>.tatsu-SyohaLB46 .accordion-content.ui-accordion-content{border-color: rgba(232,232,232,1); }.tatsu-SyohaLB46 .accordion-head.ui-accordion-header{border-color: rgba(232,232,232,1); }.tatsu-SyohaLB46.tatsu-module{margin: 0px 0px 0px 0px;}.tatsu-SyohaLB46{padding: 0px 0 0 0;}<\/style><div data-collapsed=\"1\" class = \"tatsu-accordion-inner\"><h3 class=\"accordion-head h5\">Hur handlar jag hos ulvoprinsen.se?<span class = \"tatsu-accordion-expand\"><\/span><\/h3><div class = \"accordion-content body_2\" ><div class = \"accordion-content-inner\">\n<p class=\"p1\">Att handla p\u00e5 ulvoprinsen.se.se \u00e4r enkelt. L\u00e4gg \u00f6nskade varor i varukorgen och g\u00e5 till kassan. Det finns flera smidiga alternativ f\u00f6r att betala och vi har snabba leveranser.\u00a0<\/p>\n<\/div><\/div><h3 class=\"accordion-head h5\">Vad \u00e4r l\u00e4gsta belopp att handla f\u00f6r?<span class = \"tatsu-accordion-expand\"><\/span><\/h3><div class = \"accordion-content body_2\" ><div class = \"accordion-content-inner\">\n<p class=\"p1\">Vi har inget l\u00e4gsta belopp att handla f\u00f6r, d\u00e4remot tillkommer frakt.<\/p>\n<\/div><\/div><h3 class=\"accordion-head h5\">Var \u00e4r min orderbekr\u00e4ftelse?<span class = \"tatsu-accordion-expand\"><\/span><\/h3><div class = \"accordion-content body_2\" ><div class = \"accordion-content-inner\">\n<p class=\"p1\">Efter du har betalat skickas en automatisk orderbekr\u00e4ftelse via email. Om du inte har f\u00e5tt den kan den hamnat i din skr\u00e4pkorg (spam). Kontrollera skr\u00e4pkorgen och markera mailet som \u201cinte skr\u00e4ppost\u201d s\u00e5 att kommande mail hamnar r\u00e4tt.<\/p>\n<p class=\"p1\">Kontakta oss om du inte hittar din orderbekr\u00e4ftelse.<\/p>\n<\/div><\/div><h3 class=\"accordion-head h5\">Kan jag l\u00e4gga till varor till min best\u00e4llning?<span class = \"tatsu-accordion-expand\"><\/span><\/h3><div class = \"accordion-content body_2\" ><div class = \"accordion-content-inner\">\n<p class=\"p1\">Om du redan redan har lagt en best\u00e4llning och betalat, kan vi tyv\u00e4rr inte l\u00e4gga till varor. Du kan v\u00e4lja att antingen l\u00e4gga en ny best\u00e4llning, eller kontakta oss s\u00e5 att vi annullerar din best\u00e4llning (om den inte redan skickats) s\u00e5 att du kan l\u00e4gga en ny.\u00a0<\/p>\n<\/div><\/div><h3 class=\"accordion-head h5\">Kan jag makulera en order?<span class = \"tatsu-accordion-expand\"><\/span><\/h3><div class = \"accordion-content body_2\" ><div class = \"accordion-content-inner\">\n<p class=\"p1\">Order som inte hanterats g\u00e5r fortfarande att makulera. Kontakta oss omg\u00e5ende s\u00e5 f\u00f6rs\u00f6ker vi l\u00f6sa det.\u00a0<\/p>\n<\/div><\/div><h3 class=\"accordion-head h5\">Har ni best\u00e4llningsvaror i sortimentet?<span class = \"tatsu-accordion-expand\"><\/span><\/h3><div class = \"accordion-content body_2\" ><div class = \"accordion-content-inner\">\n<p class=\"p1\">Kontakta oss om du inte hittar produkten du s\u00f6ker. Vi breddar kontinuerligt sortimentet och har ibland m\u00f6jlighet att g\u00f6ra specialbest\u00e4llningar fr\u00e5n v\u00e5ra leverant\u00f6rer.<\/p>\n<\/div><\/div><h3 class=\"accordion-head h5\">Hur betalar jag?<span class = \"tatsu-accordion-expand\"><\/span><\/h3><div class = \"accordion-content body_2\" ><div class = \"accordion-content-inner\">\n<p class=\"p1\">Betalning sker enkelt och tryggt via Payson. V\u00e4lj att slutf\u00f6ra k\u00f6pet direkt med Swish, VISA, MasterCard, eller internetbank.<\/p>\n<\/div><\/div><\/div><\/div><div  class=\"tatsu-module tatsu-inline-text clearfix tatsu-HJxQ7SZVp\" ><style>.tatsu-HJxQ7SZVp .tatsu-inline-text-inner{width: 100%;text-align: center;}.tatsu-HJxQ7SZVp.tatsu-inline-text{margin: 100px 0px 30px 0px;}@media only screen and (max-width: 767px) {.tatsu-HJxQ7SZVp .tatsu-inline-text-inner{width: 100%;}}<\/style><div class=\"tatsu-inline-text-inner tatsu-align-center\">\n<h2>Frakt &#038; Leverans<\/h2>\n<\/div><\/div><div  class=\"tatsu-module tatsu-accordion tatsu-accordion-style1 tatsu-Hk001PHVa\"  ><style>.tatsu-Hk001PHVa .accordion-content.ui-accordion-content{border-color: rgba(232,232,232,1); }.tatsu-Hk001PHVa .accordion-head.ui-accordion-header{border-color: rgba(232,232,232,1); }.tatsu-Hk001PHVa.tatsu-module{margin: 0px 0px 0px 0px;}.tatsu-Hk001PHVa{padding: 0px 0 0 0;}<\/style><div data-collapsed=\"1\" class = \"tatsu-accordion-inner\"><h3 class=\"accordion-head h5\">Vad kostar frakten?<span class = \"tatsu-accordion-expand\"><\/span><\/h3><div class = \"accordion-content body_2\" ><div class = \"accordion-content-inner\">\n<p class=\"p1\">Frakten kostar 50 kr.<\/p>\n<\/div><\/div><h3 class=\"accordion-head h5\">Hur l\u00e5ng \u00e4r leveransstiden?<span class = \"tatsu-accordion-expand\"><\/span><\/h3><div class = \"accordion-content body_2\" ><div class = \"accordion-content-inner\">\n<p class=\"p1\">Vi levererar snabbt! V\u00e5r ambition \u00e4r att skicka lagerf\u00f6rda varor inom 24 timmar helgfria dagar, vilket inneb\u00e4r att du vanligen har dina varor inom 1-3 vardagar.\u00a0Notera att vi under sommaren har n\u00e5got l\u00e4ngre leveranstider \u00e4n vanligt.<\/p>\n<\/div><\/div><h3 class=\"accordion-head h5\">Hur skickas mina varor?<span class = \"tatsu-accordion-expand\"><\/span><\/h3><div class = \"accordion-content body_2\" ><div class = \"accordion-content-inner\">\n<p class=\"p1\">Vi skickar vanligen varor med PostNord och DHL. Beroende p\u00e5 paketets storlek och mottagande adress levereras f\u00f6rs\u00e4ndelsen antingen till din brevl\u00e5da eller till n\u00e4rmsta ombud.<\/p>\n<\/div><\/div><h3 class=\"accordion-head h5\">Vart skickas mina varor?<span class = \"tatsu-accordion-expand\"><\/span><\/h3><div class = \"accordion-content body_2\" ><div class = \"accordion-content-inner\">\n<p class=\"p1\">Beroende f\u00f6rs\u00e4ndelsens storlek levereras den antingen i brevl\u00e5dan eller till ditt n\u00e4rmsta PostNord- eller DHL-ombud.<\/p>\n<\/div><\/div><h3 class=\"accordion-head h5\">Vad h\u00e4nder om jag inte h\u00e4mtar ut mitt paket?<span class = \"tatsu-accordion-expand\"><\/span><\/h3><div class = \"accordion-content body_2\" ><div class = \"accordion-content-inner\">\n<p>Paket som inte h\u00e4mtas ut efter viss tid returneras av spedit\u00f6r och du kommer att debiteras f\u00f6r att t\u00e4cka hantering och returfrakt. \u00c5ngerr\u00e4tten g\u00e4ller inte i dessa fall. L\u00e4s mer under v\u00e5ra\u00a0<a href=\"https:\/\/ulvoprinsen.se\/en\/kopvillkor\/\">k\u00f6pvillkor<\/a>.<\/p>\n<\/div><\/div><h3 class=\"accordion-head h5\">Vad g\u00f6r jag om jag f\u00e5tt fel varor?<span class = \"tatsu-accordion-expand\"><\/span><\/h3><div class = \"accordion-content body_2\" ><div class = \"accordion-content-inner\">\n<p class=\"p1\">Kontakta oss omg\u00e5ende och ber\u00e4tta vad som h\u00e4nt s\u00e5 l\u00f6ser vi det.<\/p>\n<\/div><\/div><\/div><\/div><div  class=\"tatsu-module tatsu-inline-text clearfix tatsu-rJYHlPrET\" ><style>.tatsu-rJYHlPrET .tatsu-inline-text-inner{width: 100%;text-align: center;}.tatsu-rJYHlPrET.tatsu-inline-text{margin: 100px 0px 30px 0px;}@media only screen and (max-width: 767px) {.tatsu-rJYHlPrET .tatsu-inline-text-inner{width: 100%;}}<\/style><div class=\"tatsu-inline-text-inner tatsu-align-center\">\n<h2>\u00c5ngerr\u00e4tt<\/h2>\n<\/div><\/div><div  class=\"tatsu-module tatsu-accordion tatsu-accordion-style1 tatsu-SkJUlDHET\"  ><style>.tatsu-SkJUlDHET .accordion-content.ui-accordion-content{border-color: rgba(232,232,232,1); }.tatsu-SkJUlDHET .accordion-head.ui-accordion-header{border-color: rgba(232,232,232,1); }.tatsu-SkJUlDHET.tatsu-module{margin: 0px 0px 0px 0px;}.tatsu-SkJUlDHET{padding: 0px 0 0 0;}<\/style><div data-collapsed=\"1\" class = \"tatsu-accordion-inner\"><h3 class=\"accordion-head h5\">Kan jag \u00e5ngra mitt k\u00f6p?<span class = \"tatsu-accordion-expand\"><\/span><\/h3><div class = \"accordion-content body_2\" ><div class = \"accordion-content-inner\">\n<p class=\"p1\">Enligt Distans- och hemf\u00f6rs\u00e4ljningslagen har du som konsument (ej f\u00f6retag) r\u00e4tt att fr\u00e5ntr\u00e4da avtalet genom att meddela oss detta inom 14 dagar fr\u00e5n mottagandet av varan. F\u00f6r att du skall kunna nyttja din \u00e5ngerr\u00e4tt m\u00e5ste du returnera varan i oskadat skick, i originalf\u00f6rpackning.<\/p>\n<\/div><\/div><h3 class=\"accordion-head h5\">Hur returnerar jag min vara?<span class = \"tatsu-accordion-expand\"><\/span><\/h3><div class = \"accordion-content body_2\" ><div class = \"accordion-content-inner\">\n<p class=\"p1\">Kontakta oss om du vill returnera din vara s\u00e5 f\u00e5r du instruktioner hur du g\u00e5r tillv\u00e4ga.<\/p>\n<p class=\"p1\">Notera att vi inte accepterar returer som skickas tillbaka med postf\u00f6rskott.<\/p>\n<\/div><\/div><h3 class=\"accordion-head h5\">Vad kostar det att returnera vara?<span class = \"tatsu-accordion-expand\"><\/span><\/h3><div class = \"accordion-content body_2\" ><div class = \"accordion-content-inner\">\n<p class=\"p1\">D\u00e5 vi vill h\u00e5lla bra pris och villkor till alla v\u00e5ra kunder, f\u00e5r du som kund st\u00e5 f\u00f6r returfrakten vid nyttjande av \u00e5ngerr\u00e4tten.<\/p>\n<\/div><\/div><h3 class=\"accordion-head h5\">Hur snabbt f\u00e5r jag tillbaka mina pengar?<span class = \"tatsu-accordion-expand\"><\/span><\/h3><div class = \"accordion-content body_2\" ><div class = \"accordion-content-inner\">\n<p class=\"p1\">Inom 7 dagar efter att varan inkommit till oss betalar vi tillbaka v\u00e4rdet av de returnerade varorna.<\/p>\n<\/div><\/div><h3 class=\"accordion-head h5\">Kan jag \u00e5ngra mitt k\u00f6p genom att inte h\u00e4mta ut mitt paket?<span class = \"tatsu-accordion-expand\"><\/span><\/h3><div class = \"accordion-content body_2\" ><div class = \"accordion-content-inner\">\n<p class=\"p1\">Nej, om du inte h\u00e4mtar ut ditt paket g\u00e4ller inte \u00e5ngerr\u00e4tten och du f\u00e5r st\u00e5 f\u00f6r returfrakt samt hanteringskostnad. L\u00e4s mer under v\u00e5ra\u00a0<a href=\"https:\/\/ulvoprinsen.se\/en\/kopvillkor\/\"><span class=\"s1\">k\u00f6pvillkor<\/span><\/a>.<\/p>\n<\/div><\/div><\/div><\/div><div  class=\"tatsu-module tatsu-inline-text clearfix tatsu-r1g21DHET\" ><style>.tatsu-r1g21DHET .tatsu-inline-text-inner{width: 100%;text-align: center;}.tatsu-r1g21DHET.tatsu-inline-text{margin: 100px 0px 30px 0px;}@media only screen and (max-width: 767px) {.tatsu-r1g21DHET .tatsu-inline-text-inner{width: 100%;}}<\/style><div class=\"tatsu-inline-text-inner tatsu-align-center\">\n<h2>Reklamation<\/h2>\n<\/div><\/div><div  class=\"tatsu-module tatsu-accordion tatsu-accordion-style1 tatsu-SyLTewH4T\"  ><style>.tatsu-SyLTewH4T .accordion-content.ui-accordion-content{border-color: rgba(232,232,232,1); }.tatsu-SyLTewH4T .accordion-head.ui-accordion-header{border-color: rgba(232,232,232,1); }.tatsu-SyLTewH4T.tatsu-module{margin: 0px 0px 0px 0px;}.tatsu-SyLTewH4T{padding: 0px 0 0 0;}<\/style><div data-collapsed=\"1\" class = \"tatsu-accordion-inner\"><h3 class=\"accordion-head h5\">Hur reklamerar jag en vara?<span class = \"tatsu-accordion-expand\"><\/span><\/h3><div class = \"accordion-content body_2\" ><div class = \"accordion-content-inner\">\n<p class=\"p1\">Vid fabrikationsfel p\u00e5 en vara har du r\u00e4tt att reklamera den. Kontakta v\u00e5r\u00a0<a href=\"https:\/\/ulvoprinsen.se\/en\/kontakt\/\"><span class=\"s1\">kundservice<\/span><\/a>\u00a0f\u00f6r instruktioner hur du reklamerar din vara.<\/p>\n<\/div><\/div><h3 class=\"accordion-head h5\">Vad g\u00f6r jag om min vara \u00e4r skadad vid mottagandet?<span class = \"tatsu-accordion-expand\"><\/span><\/h3><div class = \"accordion-content body_2\" ><div class = \"accordion-content-inner\">\n<p class=\"p1\">Vid eventuell transportskada \u00e4r det viktigt att du rapporterar detta till spedit\u00f6ren vid mottagandet, samt kontaktar oss direkt.<\/p>\n<\/div><\/div><\/div><\/div><div  class=\"tatsu-module tatsu-inline-text clearfix tatsu-rkkogwrNT\" ><style>.tatsu-rkkogwrNT .tatsu-inline-text-inner{width: 100%;text-align: center;}.tatsu-rkkogwrNT.tatsu-inline-text{margin: 100px 0px 30px 0px;}@media only screen and (max-width: 767px) {.tatsu-rkkogwrNT .tatsu-inline-text-inner{width: 100%;}}<\/style><div class=\"tatsu-inline-text-inner tatsu-align-center\">\n<h2>Andra funderingar?<\/h2>\n<\/div><\/div><div  class=\"tatsu-module tatsu-accordion tatsu-accordion-style1 tatsu-S1MLgmH-4p\"  ><style>.tatsu-S1MLgmH-4p .accordion-content.ui-accordion-content{border-color: rgba(232,232,232,1); }.tatsu-S1MLgmH-4p .accordion-head.ui-accordion-header{border-color: rgba(232,232,232,1); }.tatsu-S1MLgmH-4p.tatsu-module{margin: 0px 0px 0px 0px;}.tatsu-S1MLgmH-4p{padding: 0px 0 0 0;}<\/style><div data-collapsed=\"1\" class = \"tatsu-accordion-inner\"><h3 class=\"accordion-head h5\">Kontakta oss<span class = \"tatsu-accordion-expand\"><\/span><\/h3><div class = \"accordion-content body_2\" ><div class = \"accordion-content-inner\">\n<p class=\"p1\">Har du ytterligare fr\u00e5gor eller andra funderingar? Tveka inte att kontakta oss. Kontaktinformation hittar du under\u00a0<a href=\"https:\/\/ulvoprinsen.se\/en\/kontakt\/\"><span class=\"s1\">Kontakta oss<\/span><\/a>.<\/p>\n<\/div><\/div><\/div><\/div><\/div><\/div><div class = \"tatsu-column-bg-image-wrap\"><div class = \"tatsu-column-bg-image tatsu-bg-lazyload\" data-src = \"\"><\/div><\/div><div class=\"tatsu-overlay tatsu-column-overlay tatsu-animate-none\" ><\/div><\/div><style>.tatsu-row > .tatsu-BkKjGS-NT.tatsu-column{width: 100%;}.tatsu-BkKjGS-NT.tatsu-column > .tatsu-column-inner > .tatsu-column-overlay{mix-blend-mode: normal;}.tatsu-BkKjGS-NT > .tatsu-column-inner > .tatsu-top-divider{z-index: 9999;}.tatsu-BkKjGS-NT > .tatsu-column-inner > .tatsu-bottom-divider{z-index: 9999;}.tatsu-BkKjGS-NT > .tatsu-column-inner > .tatsu-left-divider{z-index: 9999;}.tatsu-BkKjGS-NT > .tatsu-column-inner > .tatsu-right-divider{z-index: 9999;}@media only screen and (max-width:1377px) {.tatsu-row > .tatsu-BkKjGS-NT.tatsu-column{width: 100%;}}@media only screen and (min-width:768px) and (max-width: 1024px) {.tatsu-row > .tatsu-BkKjGS-NT.tatsu-column{width: 100%;}}@media only screen and (max-width: 767px) {.tatsu-row > .tatsu-BkKjGS-NT.tatsu-column{width: 100%;}}<\/style><\/div><\/div><\/div><\/div><div class=\"tatsu-section-background-wrap\"><div class = \"tatsu-section-background tatsu-bg-lazyload\" data-src = \"\"><\/div><\/div><div class=\"tatsu-overlay tatsu-section-overlay\"><\/div><style>.tatsu-HJWFifr-46 .tatsu-section-pad{padding: 90px 0px 90px 0px;}.tatsu-HJWFifr-46 .tatsu-section-offset-wrap{transform: translateY(-0px);}.tatsu-HJWFifr-46 > .tatsu-bottom-divider{z-index: 9999;}.tatsu-HJWFifr-46 > .tatsu-top-divider{z-index: 9999;}.tatsu-HJWFifr-46 .tatsu-section-overlay{mix-blend-mode: normal;}<\/style><\/div>","protected":false},"excerpt":{"rendered":"<div><a href=\"https:\/\/ulvoprinsen.se\/en\/faq\/\" class=\"exp-read-more exp-read-more-underlined\">Read More<\/a><\/div>","protected":false},"author":1,"featured_media":0,"parent":0,"menu_order":0,"comment_status":"closed","ping_status":"closed","template":"","meta":{"footnotes":""},"class_list":["post-179","page","type-page","status-publish","hentry"],"yoast_head":"<!-- This site is optimized with the Yoast SEO plugin v27.4 - https:\/\/yoast.com\/product\/yoast-seo-wordpress\/ -->\n<title>Vanliga fr\u00e5gor - Ulv\u00f6prinsen<\/title>\n<meta name=\"robots\" content=\"index, follow, max-snippet:-1, max-image-preview:large, max-video-preview:-1\" \/>\n<link rel=\"canonical\" href=\"https:\/\/ulvoprinsen.se\/en\/faq\/\" \/>\n<meta property=\"og:locale\" content=\"en_GB\" \/>\n<meta property=\"og:type\" content=\"article\" \/>\n<meta property=\"og:title\" content=\"Vanliga fr\u00e5gor - Ulv\u00f6prinsen\" \/>\n<meta property=\"og:description\" content=\"Read More\" \/>\n<meta property=\"og:url\" content=\"https:\/\/ulvoprinsen.se\/en\/faq\/\" \/>\n<meta property=\"og:site_name\" content=\"Ulv\u00f6prinsen\" \/>\n<meta property=\"article:modified_time\" content=\"2023-11-22T21:40:35+00:00\" \/>\n<meta name=\"twitter:card\" content=\"summary_large_image\" \/>\n<meta name=\"twitter:label1\" content=\"Estimated reading time\" \/>\n\t<meta name=\"twitter:data1\" content=\"13 minutes\" \/>\n<script type=\"application\/ld+json\" class=\"yoast-schema-graph\">{\"@context\":\"https:\\\/\\\/schema.org\",\"@graph\":[{\"@type\":\"WebPage\",\"@id\":\"https:\\\/\\\/ulvoprinsen.se\\\/faq\\\/\",\"url\":\"https:\\\/\\\/ulvoprinsen.se\\\/faq\\\/\",\"name\":\"Vanliga fr\u00e5gor - Ulv\u00f6prinsen\",\"isPartOf\":{\"@id\":\"https:\\\/\\\/ulvoprinsen.se\\\/#website\"},\"datePublished\":\"2023-11-14T18:55:20+00:00\",\"dateModified\":\"2023-11-22T21:40:35+00:00\",\"breadcrumb\":{\"@id\":\"https:\\\/\\\/ulvoprinsen.se\\\/faq\\\/#breadcrumb\"},\"inLanguage\":\"en-GB\",\"potentialAction\":[{\"@type\":\"ReadAction\",\"target\":[\"https:\\\/\\\/ulvoprinsen.se\\\/faq\\\/\"]}]},{\"@type\":\"BreadcrumbList\",\"@id\":\"https:\\\/\\\/ulvoprinsen.se\\\/faq\\\/#breadcrumb\",\"itemListElement\":[{\"@type\":\"ListItem\",\"position\":1,\"name\":\"Home\",\"item\":\"https:\\\/\\\/ulvoprinsen.se\\\/\"},{\"@type\":\"ListItem\",\"position\":2,\"name\":\"Vanliga fr\u00e5gor\"}]},{\"@type\":\"WebSite\",\"@id\":\"https:\\\/\\\/ulvoprinsen.se\\\/#website\",\"url\":\"https:\\\/\\\/ulvoprinsen.se\\\/\",\"name\":\"Ulv\u00f6prinsen\",\"description\":\"Klassiskt surstr\u00f6mmingsm\u00e4rke sedan 1932\",\"publisher\":{\"@id\":\"https:\\\/\\\/ulvoprinsen.se\\\/#organization\"},\"potentialAction\":[{\"@type\":\"SearchAction\",\"target\":{\"@type\":\"EntryPoint\",\"urlTemplate\":\"https:\\\/\\\/ulvoprinsen.se\\\/?s={search_term_string}\"},\"query-input\":{\"@type\":\"PropertyValueSpecification\",\"valueRequired\":true,\"valueName\":\"search_term_string\"}}],\"inLanguage\":\"en-GB\"},{\"@type\":\"Organization\",\"@id\":\"https:\\\/\\\/ulvoprinsen.se\\\/#organization\",\"name\":\"Ulv\u00f6prinsen\",\"url\":\"https:\\\/\\\/ulvoprinsen.se\\\/\",\"logo\":{\"@type\":\"ImageObject\",\"inLanguage\":\"en-GB\",\"@id\":\"https:\\\/\\\/ulvoprinsen.se\\\/#\\\/schema\\\/logo\\\/image\\\/\",\"url\":\"https:\\\/\\\/ulvoprinsen.se\\\/wp-content\\\/uploads\\\/2023\\\/11\\\/cropped-logga_namn.png\",\"contentUrl\":\"https:\\\/\\\/ulvoprinsen.se\\\/wp-content\\\/uploads\\\/2023\\\/11\\\/cropped-logga_namn.png\",\"width\":362,\"height\":100,\"caption\":\"Ulv\u00f6prinsen\"},\"image\":{\"@id\":\"https:\\\/\\\/ulvoprinsen.se\\\/#\\\/schema\\\/logo\\\/image\\\/\"}}]}<\/script>\n<!-- \/ Yoast SEO plugin. -->","yoast_head_json":{"title":"Vanliga fr\u00e5gor - Ulv\u00f6prinsen","robots":{"index":"index","follow":"follow","max-snippet":"max-snippet:-1","max-image-preview":"max-image-preview:large","max-video-preview":"max-video-preview:-1"},"canonical":"https:\/\/ulvoprinsen.se\/en\/faq\/","og_locale":"en_GB","og_type":"article","og_title":"Vanliga fr\u00e5gor - Ulv\u00f6prinsen","og_description":"Read More","og_url":"https:\/\/ulvoprinsen.se\/en\/faq\/","og_site_name":"Ulv\u00f6prinsen","article_modified_time":"2023-11-22T21:40:35+00:00","twitter_card":"summary_large_image","twitter_misc":{"Estimated reading time":"13 minutes"},"schema":{"@context":"https:\/\/schema.org","@graph":[{"@type":"WebPage","@id":"https:\/\/ulvoprinsen.se\/faq\/","url":"https:\/\/ulvoprinsen.se\/faq\/","name":"Vanliga fr\u00e5gor - Ulv\u00f6prinsen","isPartOf":{"@id":"https:\/\/ulvoprinsen.se\/#website"},"datePublished":"2023-11-14T18:55:20+00:00","dateModified":"2023-11-22T21:40:35+00:00","breadcrumb":{"@id":"https:\/\/ulvoprinsen.se\/faq\/#breadcrumb"},"inLanguage":"en-GB","potentialAction":[{"@type":"ReadAction","target":["https:\/\/ulvoprinsen.se\/faq\/"]}]},{"@type":"BreadcrumbList","@id":"https:\/\/ulvoprinsen.se\/faq\/#breadcrumb","itemListElement":[{"@type":"ListItem","position":1,"name":"Home","item":"https:\/\/ulvoprinsen.se\/"},{"@type":"ListItem","position":2,"name":"Vanliga fr\u00e5gor"}]},{"@type":"WebSite","@id":"https:\/\/ulvoprinsen.se\/#website","url":"https:\/\/ulvoprinsen.se\/","name":"Ulv\u00f6prinsen","description":"Klassiskt surstr\u00f6mmingsm\u00e4rke sedan 1932","publisher":{"@id":"https:\/\/ulvoprinsen.se\/#organization"},"potentialAction":[{"@type":"SearchAction","target":{"@type":"EntryPoint","urlTemplate":"https:\/\/ulvoprinsen.se\/?s={search_term_string}"},"query-input":{"@type":"PropertyValueSpecification","valueRequired":true,"valueName":"search_term_string"}}],"inLanguage":"en-GB"},{"@type":"Organization","@id":"https:\/\/ulvoprinsen.se\/#organization","name":"Ulv\u00f6prinsen","url":"https:\/\/ulvoprinsen.se\/","logo":{"@type":"ImageObject","inLanguage":"en-GB","@id":"https:\/\/ulvoprinsen.se\/#\/schema\/logo\/image\/","url":"https:\/\/ulvoprinsen.se\/wp-content\/uploads\/2023\/11\/cropped-logga_namn.png","contentUrl":"https:\/\/ulvoprinsen.se\/wp-content\/uploads\/2023\/11\/cropped-logga_namn.png","width":362,"height":100,"caption":"Ulv\u00f6prinsen"},"image":{"@id":"https:\/\/ulvoprinsen.se\/#\/schema\/logo\/image\/"}}]}},"_links":{"self":[{"href":"https:\/\/ulvoprinsen.se\/en\/wp-json\/wp\/v2\/pages\/179","targetHints":{"allow":["GET"]}}],"collection":[{"href":"https:\/\/ulvoprinsen.se\/en\/wp-json\/wp\/v2\/pages"}],"about":[{"href":"https:\/\/ulvoprinsen.se\/en\/wp-json\/wp\/v2\/types\/page"}],"author":[{"embeddable":true,"href":"https:\/\/ulvoprinsen.se\/en\/wp-json\/wp\/v2\/users\/1"}],"replies":[{"embeddable":true,"href":"https:\/\/ulvoprinsen.se\/en\/wp-json\/wp\/v2\/comments?post=179"}],"version-history":[{"count":25,"href":"https:\/\/ulvoprinsen.se\/en\/wp-json\/wp\/v2\/pages\/179\/revisions"}],"predecessor-version":[{"id":687,"href":"https:\/\/ulvoprinsen.se\/en\/wp-json\/wp\/v2\/pages\/179\/revisions\/687"}],"wp:attachment":[{"href":"https:\/\/ulvoprinsen.se\/en\/wp-json\/wp\/v2\/media?parent=179"}],"curies":[{"name":"wp","href":"https:\/\/api.w.org\/{rel}","templated":true}]}}