{"id":380,"date":"2023-11-18T00:52:26","date_gmt":"2023-11-17T23:52:26","guid":{"rendered":"https:\/\/ulvoprinsen.se\/?page_id=380"},"modified":"2023-11-22T22:30:43","modified_gmt":"2023-11-22T21:30:43","slug":"press","status":"publish","type":"page","link":"https:\/\/ulvoprinsen.se\/en\/press\/","title":{"rendered":"Press"},"content":{"rendered":"<div  class=\"tatsu-rk-iTh_BVp tatsu-section  tatsu-bg-overlay   tatsu-clearfix\" data-title=\"\"  data-headerscheme=\"background--dark\"><div class='tatsu-section-pad clearfix' data-padding='{\"d\":\"90px 0px 90px 0px\"}' data-padding-top='90px'><div class=\"tatsu-row-wrap  tatsu-wrap tatsu-row-one-col tatsu-row-has-one-cols tatsu-medium-gutter tatsu-reg-cols  tatsu-clearfix tatsu-Hkxjp2drET\" ><div  class=\"tatsu-row\" ><div  class=\"tatsu-column  tatsu-bg-overlay tatsu-one-col tatsu-column-image-none tatsu-column-effect-none  tatsu-B1ophdrET\"  data-parallax-speed=\"0\" style=\"\"><div class=\"tatsu-column-inner\" ><div class=\"tatsu-column-pad-wrap\"><div class=\"tatsu-column-pad\" ><div  class=\"tatsu-single-image tatsu-module align-center tatsu-image-lazyload tatsu-B1v9COrN6\" ><div class=\"tatsu-single-image-inner\" style=\"width : 2000px;\" ><div class = \"tatsu-single-image-padding-wrap\" style = \"padding-bottom : 100%;\" ><\/div><img class = \"tatsu-gradient-border\" alt = \"\" title = \"Keps_ny\" data-src = \"https:\/\/ulvoprinsen.se\/wp-content\/uploads\/2023\/11\/Keps_ny.gif\" src =\"data:image\/png;base64,iVBORw0KGgoAAAANSUhEUgAAAAEAAAABCAQAAAC1HAwCAAAAC0lEQVR42mNkYAAAAAYAAjCB0C8AAAAASUVORK5CYII=\"  \/><\/div><style>.tatsu-B1v9COrN6 .tatsu-single-image-inner{border-style: solid;max-width: 45%;border-radius: 500px;}.tatsu-B1v9COrN6.tatsu-single-image{transform: translate3d(0px,0px, 0);}@media only screen and (min-width:768px) and (max-width: 1024px) {.tatsu-B1v9COrN6 .tatsu-single-image-inner{max-width: 57%;}}@media only screen and (max-width: 767px) {.tatsu-B1v9COrN6 .tatsu-single-image-inner{max-width: 100%;}}<\/style><\/div><div  class=\"tatsu-module tatsu-inline-text clearfix tatsu-ByZ0huB46\" ><style>.tatsu-ByZ0huB46 .tatsu-inline-text-inner{width: 100%;text-align: left;}@media only screen and (max-width: 767px) {.tatsu-ByZ0huB46 .tatsu-inline-text-inner{width: 100%;}}<\/style><div class=\"tatsu-inline-text-inner tatsu-align-center\">\n<h1 style=\"text-align: center;\">Press<\/h1>\n<\/div><\/div><div  class=\"tatsu-module tatsu-inline-text clearfix tatsu-SJ0oUCoVa\" ><style>.tatsu-SJ0oUCoVa .tatsu-inline-text-inner{width: 81%;text-align: center;}@media only screen and (max-width: 767px) {.tatsu-SJ0oUCoVa .tatsu-inline-text-inner{width: 100%;}}<\/style><div class=\"tatsu-inline-text-inner tatsu-align-center\">\n<p style=\"text-align: center;\"><span class=\"body_1\">Anv\u00e4nd g\u00e4rna v\u00e5ra bilder och ord n\u00e4r du sprider Ulv\u00f6prinsens produkter. Om det \u00e4r n\u00e5got annat du beh\u00f6ver (helst relaterat till v\u00e5ra produkter), v\u00e4nligen kontakta oss s\u00e5 kommer vi att g\u00f6ra v\u00e5rt yttersta f\u00f6r att hj\u00e4lpa dig.<\/span><\/p>\n<p><span class=\"body_2\">Kontakta oss f\u00f6r h\u00f6guppl\u00f6sta bilder.\u00a0<\/span><\/p>\n<\/div><\/div><\/div><\/div><div class = \"tatsu-column-bg-image-wrap\"><div class = \"tatsu-column-bg-image tatsu-bg-lazyload\" data-src = \"\"><\/div><\/div><div class=\"tatsu-overlay tatsu-column-overlay tatsu-animate-none\" ><\/div><\/div><style>.tatsu-row > .tatsu-B1ophdrET.tatsu-column{width: 100%;}.tatsu-B1ophdrET.tatsu-column > .tatsu-column-inner > .tatsu-column-overlay{mix-blend-mode: normal;}.tatsu-B1ophdrET > .tatsu-column-inner > .tatsu-top-divider{z-index: 9999;}.tatsu-B1ophdrET > .tatsu-column-inner > .tatsu-bottom-divider{z-index: 9999;}.tatsu-B1ophdrET > .tatsu-column-inner > .tatsu-left-divider{z-index: 9999;}.tatsu-B1ophdrET > .tatsu-column-inner > .tatsu-right-divider{z-index: 9999;}@media only screen and (max-width:1377px) {.tatsu-row > .tatsu-B1ophdrET.tatsu-column{width: 100%;}}@media only screen and (min-width:768px) and (max-width: 1024px) {.tatsu-row > .tatsu-B1ophdrET.tatsu-column{width: 100%;}}@media only screen and (max-width: 767px) {.tatsu-row > .tatsu-B1ophdrET.tatsu-column{width: 100%;}}<\/style><\/div><\/div><\/div><\/div><div class=\"tatsu-section-background-wrap\"><div class = \"tatsu-section-background tatsu-bg-lazyload\" data-src = \"\"><\/div><\/div><div class=\"tatsu-overlay tatsu-section-overlay\"><\/div><style>.tatsu-rk-iTh_BVp .tatsu-section-pad{padding: 90px 0px 90px 0px;}.tatsu-rk-iTh_BVp .tatsu-section-offset-wrap{transform: translateY(-0px);}.tatsu-rk-iTh_BVp > .tatsu-bottom-divider{z-index: 9999;}.tatsu-rk-iTh_BVp > .tatsu-top-divider{z-index: 9999;}.tatsu-rk-iTh_BVp .tatsu-section-overlay{mix-blend-mode: normal;}<\/style><\/div>","protected":false},"excerpt":{"rendered":"<div><a href=\"https:\/\/ulvoprinsen.se\/en\/press\/\" class=\"exp-read-more exp-read-more-underlined\">Read More<\/a><\/div>","protected":false},"author":1,"featured_media":99,"parent":0,"menu_order":0,"comment_status":"closed","ping_status":"closed","template":"","meta":{"footnotes":""},"class_list":["post-380","page","type-page","status-publish","has-post-thumbnail","hentry"],"yoast_head":"<!-- This site is optimized with the Yoast SEO plugin v27.6 - https:\/\/yoast.com\/product\/yoast-seo-wordpress\/ -->\n<title>Press - Ulv\u00f6prinsen<\/title>\n<meta name=\"robots\" content=\"index, follow, max-snippet:-1, max-image-preview:large, max-video-preview:-1\" \/>\n<link rel=\"canonical\" href=\"https:\/\/ulvoprinsen.se\/en\/press\/\" \/>\n<meta property=\"og:locale\" content=\"en_GB\" \/>\n<meta property=\"og:type\" content=\"article\" \/>\n<meta property=\"og:title\" content=\"Press - Ulv\u00f6prinsen\" \/>\n<meta property=\"og:description\" content=\"Read More\" \/>\n<meta property=\"og:url\" content=\"https:\/\/ulvoprinsen.se\/en\/press\/\" \/>\n<meta property=\"og:site_name\" content=\"Ulv\u00f6prinsen\" \/>\n<meta property=\"article:modified_time\" content=\"2023-11-22T21:30:43+00:00\" \/>\n<meta property=\"og:image\" content=\"https:\/\/ulvoprinsen.se\/wp-content\/uploads\/2023\/11\/ulvoprinsen_trucker_front.jpg\" \/>\n\t<meta property=\"og:image:width\" content=\"600\" \/>\n\t<meta property=\"og:image:height\" content=\"600\" \/>\n\t<meta property=\"og:image:type\" content=\"image\/jpeg\" \/>\n<meta name=\"twitter:card\" content=\"summary_large_image\" \/>\n<meta name=\"twitter:label1\" content=\"Estimated reading time\" \/>\n\t<meta name=\"twitter:data1\" content=\"4 minutes\" \/>\n<script type=\"application\/ld+json\" class=\"yoast-schema-graph\">{\"@context\":\"https:\\\/\\\/schema.org\",\"@graph\":[{\"@type\":\"WebPage\",\"@id\":\"https:\\\/\\\/ulvoprinsen.se\\\/press\\\/\",\"url\":\"https:\\\/\\\/ulvoprinsen.se\\\/press\\\/\",\"name\":\"Press - Ulv\u00f6prinsen\",\"isPartOf\":{\"@id\":\"https:\\\/\\\/ulvoprinsen.se\\\/#website\"},\"primaryImageOfPage\":{\"@id\":\"https:\\\/\\\/ulvoprinsen.se\\\/press\\\/#primaryimage\"},\"image\":{\"@id\":\"https:\\\/\\\/ulvoprinsen.se\\\/press\\\/#primaryimage\"},\"thumbnailUrl\":\"https:\\\/\\\/ulvoprinsen.se\\\/wp-content\\\/uploads\\\/2023\\\/11\\\/ulvoprinsen_trucker_front.jpg\",\"datePublished\":\"2023-11-17T23:52:26+00:00\",\"dateModified\":\"2023-11-22T21:30:43+00:00\",\"breadcrumb\":{\"@id\":\"https:\\\/\\\/ulvoprinsen.se\\\/press\\\/#breadcrumb\"},\"inLanguage\":\"en-GB\",\"potentialAction\":[{\"@type\":\"ReadAction\",\"target\":[\"https:\\\/\\\/ulvoprinsen.se\\\/press\\\/\"]}]},{\"@type\":\"ImageObject\",\"inLanguage\":\"en-GB\",\"@id\":\"https:\\\/\\\/ulvoprinsen.se\\\/press\\\/#primaryimage\",\"url\":\"https:\\\/\\\/ulvoprinsen.se\\\/wp-content\\\/uploads\\\/2023\\\/11\\\/ulvoprinsen_trucker_front.jpg\",\"contentUrl\":\"https:\\\/\\\/ulvoprinsen.se\\\/wp-content\\\/uploads\\\/2023\\\/11\\\/ulvoprinsen_trucker_front.jpg\",\"width\":600,\"height\":600},{\"@type\":\"BreadcrumbList\",\"@id\":\"https:\\\/\\\/ulvoprinsen.se\\\/press\\\/#breadcrumb\",\"itemListElement\":[{\"@type\":\"ListItem\",\"position\":1,\"name\":\"Home\",\"item\":\"https:\\\/\\\/ulvoprinsen.se\\\/\"},{\"@type\":\"ListItem\",\"position\":2,\"name\":\"Press\"}]},{\"@type\":\"WebSite\",\"@id\":\"https:\\\/\\\/ulvoprinsen.se\\\/#website\",\"url\":\"https:\\\/\\\/ulvoprinsen.se\\\/\",\"name\":\"Ulv\u00f6prinsen\",\"description\":\"Klassiskt surstr\u00f6mmingsm\u00e4rke sedan 1932\",\"publisher\":{\"@id\":\"https:\\\/\\\/ulvoprinsen.se\\\/#organization\"},\"potentialAction\":[{\"@type\":\"SearchAction\",\"target\":{\"@type\":\"EntryPoint\",\"urlTemplate\":\"https:\\\/\\\/ulvoprinsen.se\\\/?s={search_term_string}\"},\"query-input\":{\"@type\":\"PropertyValueSpecification\",\"valueRequired\":true,\"valueName\":\"search_term_string\"}}],\"inLanguage\":\"en-GB\"},{\"@type\":\"Organization\",\"@id\":\"https:\\\/\\\/ulvoprinsen.se\\\/#organization\",\"name\":\"Ulv\u00f6prinsen\",\"url\":\"https:\\\/\\\/ulvoprinsen.se\\\/\",\"logo\":{\"@type\":\"ImageObject\",\"inLanguage\":\"en-GB\",\"@id\":\"https:\\\/\\\/ulvoprinsen.se\\\/#\\\/schema\\\/logo\\\/image\\\/\",\"url\":\"https:\\\/\\\/ulvoprinsen.se\\\/wp-content\\\/uploads\\\/2023\\\/11\\\/cropped-logga_namn.png\",\"contentUrl\":\"https:\\\/\\\/ulvoprinsen.se\\\/wp-content\\\/uploads\\\/2023\\\/11\\\/cropped-logga_namn.png\",\"width\":362,\"height\":100,\"caption\":\"Ulv\u00f6prinsen\"},\"image\":{\"@id\":\"https:\\\/\\\/ulvoprinsen.se\\\/#\\\/schema\\\/logo\\\/image\\\/\"}}]}<\/script>\n<!-- \/ Yoast SEO plugin. -->","yoast_head_json":{"title":"Press - Ulv\u00f6prinsen","robots":{"index":"index","follow":"follow","max-snippet":"max-snippet:-1","max-image-preview":"max-image-preview:large","max-video-preview":"max-video-preview:-1"},"canonical":"https:\/\/ulvoprinsen.se\/en\/press\/","og_locale":"en_GB","og_type":"article","og_title":"Press - Ulv\u00f6prinsen","og_description":"Read More","og_url":"https:\/\/ulvoprinsen.se\/en\/press\/","og_site_name":"Ulv\u00f6prinsen","article_modified_time":"2023-11-22T21:30:43+00:00","og_image":[{"width":600,"height":600,"url":"https:\/\/ulvoprinsen.se\/wp-content\/uploads\/2023\/11\/ulvoprinsen_trucker_front.jpg","type":"image\/jpeg"}],"twitter_card":"summary_large_image","twitter_misc":{"Estimated reading time":"4 minutes"},"schema":{"@context":"https:\/\/schema.org","@graph":[{"@type":"WebPage","@id":"https:\/\/ulvoprinsen.se\/press\/","url":"https:\/\/ulvoprinsen.se\/press\/","name":"Press - Ulv\u00f6prinsen","isPartOf":{"@id":"https:\/\/ulvoprinsen.se\/#website"},"primaryImageOfPage":{"@id":"https:\/\/ulvoprinsen.se\/press\/#primaryimage"},"image":{"@id":"https:\/\/ulvoprinsen.se\/press\/#primaryimage"},"thumbnailUrl":"https:\/\/ulvoprinsen.se\/wp-content\/uploads\/2023\/11\/ulvoprinsen_trucker_front.jpg","datePublished":"2023-11-17T23:52:26+00:00","dateModified":"2023-11-22T21:30:43+00:00","breadcrumb":{"@id":"https:\/\/ulvoprinsen.se\/press\/#breadcrumb"},"inLanguage":"en-GB","potentialAction":[{"@type":"ReadAction","target":["https:\/\/ulvoprinsen.se\/press\/"]}]},{"@type":"ImageObject","inLanguage":"en-GB","@id":"https:\/\/ulvoprinsen.se\/press\/#primaryimage","url":"https:\/\/ulvoprinsen.se\/wp-content\/uploads\/2023\/11\/ulvoprinsen_trucker_front.jpg","contentUrl":"https:\/\/ulvoprinsen.se\/wp-content\/uploads\/2023\/11\/ulvoprinsen_trucker_front.jpg","width":600,"height":600},{"@type":"BreadcrumbList","@id":"https:\/\/ulvoprinsen.se\/press\/#breadcrumb","itemListElement":[{"@type":"ListItem","position":1,"name":"Home","item":"https:\/\/ulvoprinsen.se\/"},{"@type":"ListItem","position":2,"name":"Press"}]},{"@type":"WebSite","@id":"https:\/\/ulvoprinsen.se\/#website","url":"https:\/\/ulvoprinsen.se\/","name":"Ulv\u00f6prinsen","description":"Klassiskt surstr\u00f6mmingsm\u00e4rke sedan 1932","publisher":{"@id":"https:\/\/ulvoprinsen.se\/#organization"},"potentialAction":[{"@type":"SearchAction","target":{"@type":"EntryPoint","urlTemplate":"https:\/\/ulvoprinsen.se\/?s={search_term_string}"},"query-input":{"@type":"PropertyValueSpecification","valueRequired":true,"valueName":"search_term_string"}}],"inLanguage":"en-GB"},{"@type":"Organization","@id":"https:\/\/ulvoprinsen.se\/#organization","name":"Ulv\u00f6prinsen","url":"https:\/\/ulvoprinsen.se\/","logo":{"@type":"ImageObject","inLanguage":"en-GB","@id":"https:\/\/ulvoprinsen.se\/#\/schema\/logo\/image\/","url":"https:\/\/ulvoprinsen.se\/wp-content\/uploads\/2023\/11\/cropped-logga_namn.png","contentUrl":"https:\/\/ulvoprinsen.se\/wp-content\/uploads\/2023\/11\/cropped-logga_namn.png","width":362,"height":100,"caption":"Ulv\u00f6prinsen"},"image":{"@id":"https:\/\/ulvoprinsen.se\/#\/schema\/logo\/image\/"}}]}},"_links":{"self":[{"href":"https:\/\/ulvoprinsen.se\/en\/wp-json\/wp\/v2\/pages\/380","targetHints":{"allow":["GET"]}}],"collection":[{"href":"https:\/\/ulvoprinsen.se\/en\/wp-json\/wp\/v2\/pages"}],"about":[{"href":"https:\/\/ulvoprinsen.se\/en\/wp-json\/wp\/v2\/types\/page"}],"author":[{"embeddable":true,"href":"https:\/\/ulvoprinsen.se\/en\/wp-json\/wp\/v2\/users\/1"}],"replies":[{"embeddable":true,"href":"https:\/\/ulvoprinsen.se\/en\/wp-json\/wp\/v2\/comments?post=380"}],"version-history":[{"count":8,"href":"https:\/\/ulvoprinsen.se\/en\/wp-json\/wp\/v2\/pages\/380\/revisions"}],"predecessor-version":[{"id":684,"href":"https:\/\/ulvoprinsen.se\/en\/wp-json\/wp\/v2\/pages\/380\/revisions\/684"}],"wp:featuredmedia":[{"embeddable":true,"href":"https:\/\/ulvoprinsen.se\/en\/wp-json\/wp\/v2\/media\/99"}],"wp:attachment":[{"href":"https:\/\/ulvoprinsen.se\/en\/wp-json\/wp\/v2\/media?parent=380"}],"curies":[{"name":"wp","href":"https:\/\/api.w.org\/{rel}","templated":true}]}}