{"id":8,"date":"2023-11-11T11:50:33","date_gmt":"2023-11-11T11:50:33","guid":{"rendered":"https:\/\/ulvoprinsen.se\/cart\/"},"modified":"2023-11-11T11:50:33","modified_gmt":"2023-11-11T11:50:33","slug":"cart","status":"publish","type":"page","link":"https:\/\/ulvoprinsen.se\/en\/cart\/","title":{"rendered":"Cart"},"content":{"rendered":"","protected":false},"excerpt":{"rendered":"<div><a href=\"https:\/\/ulvoprinsen.se\/en\/cart\/\" class=\"exp-read-more exp-read-more-underlined\">Read More<\/a><\/div>","protected":false},"author":1,"featured_media":0,"parent":0,"menu_order":0,"comment_status":"closed","ping_status":"closed","template":"","meta":{"footnotes":""},"class_list":["post-8","page","type-page","status-publish","hentry"],"yoast_head":"<!-- This site is optimized with the Yoast SEO plugin v27.4 - https:\/\/yoast.com\/product\/yoast-seo-wordpress\/ -->\n<title>Cart - Ulv\u00f6prinsen<\/title>\n<meta name=\"robots\" content=\"index, follow, max-snippet:-1, max-image-preview:large, max-video-preview:-1\" \/>\n<link rel=\"canonical\" href=\"https:\/\/ulvoprinsen.se\/en\/cart\/\" \/>\n<meta property=\"og:locale\" content=\"en_GB\" \/>\n<meta property=\"og:type\" content=\"article\" \/>\n<meta property=\"og:title\" content=\"Cart - Ulv\u00f6prinsen\" \/>\n<meta property=\"og:description\" content=\"Read More\" \/>\n<meta property=\"og:url\" content=\"https:\/\/ulvoprinsen.se\/en\/cart\/\" \/>\n<meta property=\"og:site_name\" content=\"Ulv\u00f6prinsen\" \/>\n<meta name=\"twitter:card\" content=\"summary_large_image\" \/>\n<script type=\"application\/ld+json\" class=\"yoast-schema-graph\">{\"@context\":\"https:\\\/\\\/schema.org\",\"@graph\":[{\"@type\":\"WebPage\",\"@id\":\"https:\\\/\\\/ulvoprinsen.se\\\/cart\\\/\",\"url\":\"https:\\\/\\\/ulvoprinsen.se\\\/cart\\\/\",\"name\":\"Cart - Ulv\u00f6prinsen\",\"isPartOf\":{\"@id\":\"https:\\\/\\\/ulvoprinsen.se\\\/#website\"},\"datePublished\":\"2023-11-11T11:50:33+00:00\",\"breadcrumb\":{\"@id\":\"https:\\\/\\\/ulvoprinsen.se\\\/cart\\\/#breadcrumb\"},\"inLanguage\":\"en-GB\",\"potentialAction\":[{\"@type\":\"ReadAction\",\"target\":[\"https:\\\/\\\/ulvoprinsen.se\\\/cart\\\/\"]}]},{\"@type\":\"BreadcrumbList\",\"@id\":\"https:\\\/\\\/ulvoprinsen.se\\\/cart\\\/#breadcrumb\",\"itemListElement\":[{\"@type\":\"ListItem\",\"position\":1,\"name\":\"Home\",\"item\":\"https:\\\/\\\/ulvoprinsen.se\\\/\"},{\"@type\":\"ListItem\",\"position\":2,\"name\":\"Cart\"}]},{\"@type\":\"WebSite\",\"@id\":\"https:\\\/\\\/ulvoprinsen.se\\\/#website\",\"url\":\"https:\\\/\\\/ulvoprinsen.se\\\/\",\"name\":\"Ulv\u00f6prinsen\",\"description\":\"Klassiskt surstr\u00f6mmingsm\u00e4rke sedan 1932\",\"publisher\":{\"@id\":\"https:\\\/\\\/ulvoprinsen.se\\\/#organization\"},\"potentialAction\":[{\"@type\":\"SearchAction\",\"target\":{\"@type\":\"EntryPoint\",\"urlTemplate\":\"https:\\\/\\\/ulvoprinsen.se\\\/?s={search_term_string}\"},\"query-input\":{\"@type\":\"PropertyValueSpecification\",\"valueRequired\":true,\"valueName\":\"search_term_string\"}}],\"inLanguage\":\"en-GB\"},{\"@type\":\"Organization\",\"@id\":\"https:\\\/\\\/ulvoprinsen.se\\\/#organization\",\"name\":\"Ulv\u00f6prinsen\",\"url\":\"https:\\\/\\\/ulvoprinsen.se\\\/\",\"logo\":{\"@type\":\"ImageObject\",\"inLanguage\":\"en-GB\",\"@id\":\"https:\\\/\\\/ulvoprinsen.se\\\/#\\\/schema\\\/logo\\\/image\\\/\",\"url\":\"https:\\\/\\\/ulvoprinsen.se\\\/wp-content\\\/uploads\\\/2023\\\/11\\\/cropped-logga_namn.png\",\"contentUrl\":\"https:\\\/\\\/ulvoprinsen.se\\\/wp-content\\\/uploads\\\/2023\\\/11\\\/cropped-logga_namn.png\",\"width\":362,\"height\":100,\"caption\":\"Ulv\u00f6prinsen\"},\"image\":{\"@id\":\"https:\\\/\\\/ulvoprinsen.se\\\/#\\\/schema\\\/logo\\\/image\\\/\"}}]}<\/script>\n<!-- \/ Yoast SEO plugin. -->","yoast_head_json":{"title":"Cart - Ulv\u00f6prinsen","robots":{"index":"index","follow":"follow","max-snippet":"max-snippet:-1","max-image-preview":"max-image-preview:large","max-video-preview":"max-video-preview:-1"},"canonical":"https:\/\/ulvoprinsen.se\/en\/cart\/","og_locale":"en_GB","og_type":"article","og_title":"Cart - Ulv\u00f6prinsen","og_description":"Read More","og_url":"https:\/\/ulvoprinsen.se\/en\/cart\/","og_site_name":"Ulv\u00f6prinsen","twitter_card":"summary_large_image","schema":{"@context":"https:\/\/schema.org","@graph":[{"@type":"WebPage","@id":"https:\/\/ulvoprinsen.se\/cart\/","url":"https:\/\/ulvoprinsen.se\/cart\/","name":"Cart - Ulv\u00f6prinsen","isPartOf":{"@id":"https:\/\/ulvoprinsen.se\/#website"},"datePublished":"2023-11-11T11:50:33+00:00","breadcrumb":{"@id":"https:\/\/ulvoprinsen.se\/cart\/#breadcrumb"},"inLanguage":"en-GB","potentialAction":[{"@type":"ReadAction","target":["https:\/\/ulvoprinsen.se\/cart\/"]}]},{"@type":"BreadcrumbList","@id":"https:\/\/ulvoprinsen.se\/cart\/#breadcrumb","itemListElement":[{"@type":"ListItem","position":1,"name":"Home","item":"https:\/\/ulvoprinsen.se\/"},{"@type":"ListItem","position":2,"name":"Cart"}]},{"@type":"WebSite","@id":"https:\/\/ulvoprinsen.se\/#website","url":"https:\/\/ulvoprinsen.se\/","name":"Ulv\u00f6prinsen","description":"Klassiskt surstr\u00f6mmingsm\u00e4rke sedan 1932","publisher":{"@id":"https:\/\/ulvoprinsen.se\/#organization"},"potentialAction":[{"@type":"SearchAction","target":{"@type":"EntryPoint","urlTemplate":"https:\/\/ulvoprinsen.se\/?s={search_term_string}"},"query-input":{"@type":"PropertyValueSpecification","valueRequired":true,"valueName":"search_term_string"}}],"inLanguage":"en-GB"},{"@type":"Organization","@id":"https:\/\/ulvoprinsen.se\/#organization","name":"Ulv\u00f6prinsen","url":"https:\/\/ulvoprinsen.se\/","logo":{"@type":"ImageObject","inLanguage":"en-GB","@id":"https:\/\/ulvoprinsen.se\/#\/schema\/logo\/image\/","url":"https:\/\/ulvoprinsen.se\/wp-content\/uploads\/2023\/11\/cropped-logga_namn.png","contentUrl":"https:\/\/ulvoprinsen.se\/wp-content\/uploads\/2023\/11\/cropped-logga_namn.png","width":362,"height":100,"caption":"Ulv\u00f6prinsen"},"image":{"@id":"https:\/\/ulvoprinsen.se\/#\/schema\/logo\/image\/"}}]}},"_links":{"self":[{"href":"https:\/\/ulvoprinsen.se\/en\/wp-json\/wp\/v2\/pages\/8","targetHints":{"allow":["GET"]}}],"collection":[{"href":"https:\/\/ulvoprinsen.se\/en\/wp-json\/wp\/v2\/pages"}],"about":[{"href":"https:\/\/ulvoprinsen.se\/en\/wp-json\/wp\/v2\/types\/page"}],"author":[{"embeddable":true,"href":"https:\/\/ulvoprinsen.se\/en\/wp-json\/wp\/v2\/users\/1"}],"replies":[{"embeddable":true,"href":"https:\/\/ulvoprinsen.se\/en\/wp-json\/wp\/v2\/comments?post=8"}],"version-history":[{"count":0,"href":"https:\/\/ulvoprinsen.se\/en\/wp-json\/wp\/v2\/pages\/8\/revisions"}],"wp:attachment":[{"href":"https:\/\/ulvoprinsen.se\/en\/wp-json\/wp\/v2\/media?parent=8"}],"curies":[{"name":"wp","href":"https:\/\/api.w.org\/{rel}","templated":true}]}}