{"id":26,"date":"2023-11-19T09:56:01","date_gmt":"2023-11-19T08:56:01","guid":{"rendered":"https:\/\/ulvoprinsen.se\/?post_type=product&#038;p=26"},"modified":"2025-12-09T16:34:54","modified_gmt":"2025-12-09T15:34:54","slug":"ulvoprinsen-trucker","status":"publish","type":"product","link":"https:\/\/ulvoprinsen.se\/en\/product\/ulvoprinsen-trucker\/","title":{"rendered":"Ulv\u00f6prinsen Trucker Keps"},"content":{"rendered":"","protected":false},"excerpt":{"rendered":"<p class=\"p1\"><span class=\"body_1\">En unik och h\u00f6gkvalitativ retro-doftande surstr\u00f6mmingskeps i ett klassiskt Trucker-utf\u00f6rande.<br \/>\n<\/span><span class=\"body_1\">Kepsen \u00e4r specialdesignad i f\u00e4rgerna Ulv\u00f6prinsen-bl\u00e5 och off white. Logga och symbol \u00e4r broderat p\u00e5 framsidan.<br \/>\n<\/span><span class=\"body_1\">P\u00e5 baksidan \u00e4r ordet surstr\u00f6mming broderat.<\/span><\/p>\n<p><strong>Material:<\/strong><br \/>\nFramsida, 100% bomull<br \/>\nBaksida: 100% Polyester<\/p>\n<p><strong>Sk\u00f6tselr\u00e5d:<\/strong> Handtv\u00e4tt<\/p>\n<div><a href=\"https:\/\/ulvoprinsen.se\/en\/product\/ulvoprinsen-trucker\/\" class=\"exp-read-more exp-read-more-underlined\">Read More<\/a><\/div>","protected":false},"featured_media":116,"template":"","meta":[],"product_brand":[],"product_cat":[20,18],"product_tag":[],"class_list":{"0":"post-26","1":"product","2":"type-product","3":"status-publish","4":"has-post-thumbnail","6":"product_cat-instock","7":"product_cat-ulvoprinsen","9":"first","10":"instock","11":"featured","12":"taxable","13":"shipping-taxable","14":"purchasable","15":"product-type-simple"},"yoast_head":"<!-- This site is optimized with the Yoast SEO plugin v27.4 - https:\/\/yoast.com\/product\/yoast-seo-wordpress\/ -->\n<title>Ulv\u00f6prinsen Trucker Keps - Ulv\u00f6prinsen<\/title>\n<meta name=\"robots\" content=\"index, follow, max-snippet:-1, max-image-preview:large, max-video-preview:-1\" \/>\n<link rel=\"canonical\" href=\"https:\/\/ulvoprinsen.se\/en\/product\/ulvoprinsen-trucker\/\" \/>\n<meta property=\"og:locale\" content=\"en_GB\" \/>\n<meta property=\"og:type\" content=\"article\" \/>\n<meta property=\"og:title\" content=\"Ulv\u00f6prinsen Trucker Keps - Ulv\u00f6prinsen\" \/>\n<meta property=\"og:description\" content=\"En unik och h\u00f6gkvalitativ retro-doftande surstr\u00f6mmingskeps i ett klassiskt Trucker-utf\u00f6rande. Kepsen \u00e4r specialdesignad i f\u00e4rgerna Ulv\u00f6prinsen-bl\u00e5 och off white. Logga och symbol \u00e4r broderat p\u00e5 framsidan. P\u00e5 baksidan \u00e4r ordet surstr\u00f6mming broderat. Material: Framsida, 100% bomull Baksida: 100% Polyester  Sk\u00f6tselr\u00e5d: Handtv\u00e4ttRead More\" \/>\n<meta property=\"og:url\" content=\"https:\/\/ulvoprinsen.se\/en\/product\/ulvoprinsen-trucker\/\" \/>\n<meta property=\"og:site_name\" content=\"Ulv\u00f6prinsen\" \/>\n<meta property=\"article:modified_time\" content=\"2025-12-09T15:34:54+00:00\" \/>\n<meta property=\"og:image\" content=\"https:\/\/ulvoprinsen.se\/wp-content\/uploads\/2023\/11\/ulvoprinsen_trucker_front_1500.jpg\" \/>\n\t<meta property=\"og:image:width\" content=\"1500\" \/>\n\t<meta property=\"og:image:height\" content=\"1500\" \/>\n\t<meta property=\"og:image:type\" content=\"image\/jpeg\" \/>\n<meta name=\"twitter:card\" content=\"summary_large_image\" \/>\n<script type=\"application\/ld+json\" class=\"yoast-schema-graph\">{\"@context\":\"https:\\\/\\\/schema.org\",\"@graph\":[{\"@type\":\"WebPage\",\"@id\":\"https:\\\/\\\/ulvoprinsen.se\\\/product\\\/ulvoprinsen-trucker\\\/\",\"url\":\"https:\\\/\\\/ulvoprinsen.se\\\/product\\\/ulvoprinsen-trucker\\\/\",\"name\":\"Ulv\u00f6prinsen Trucker Keps - Ulv\u00f6prinsen\",\"isPartOf\":{\"@id\":\"https:\\\/\\\/ulvoprinsen.se\\\/#website\"},\"primaryImageOfPage\":{\"@id\":\"https:\\\/\\\/ulvoprinsen.se\\\/product\\\/ulvoprinsen-trucker\\\/#primaryimage\"},\"image\":{\"@id\":\"https:\\\/\\\/ulvoprinsen.se\\\/product\\\/ulvoprinsen-trucker\\\/#primaryimage\"},\"thumbnailUrl\":\"https:\\\/\\\/ulvoprinsen.se\\\/wp-content\\\/uploads\\\/2023\\\/11\\\/ulvoprinsen_trucker_front_1500.jpg\",\"datePublished\":\"2023-11-19T08:56:01+00:00\",\"dateModified\":\"2025-12-09T15:34:54+00:00\",\"breadcrumb\":{\"@id\":\"https:\\\/\\\/ulvoprinsen.se\\\/product\\\/ulvoprinsen-trucker\\\/#breadcrumb\"},\"inLanguage\":\"en-GB\",\"potentialAction\":[{\"@type\":\"ReadAction\",\"target\":[\"https:\\\/\\\/ulvoprinsen.se\\\/product\\\/ulvoprinsen-trucker\\\/\"]}]},{\"@type\":\"ImageObject\",\"inLanguage\":\"en-GB\",\"@id\":\"https:\\\/\\\/ulvoprinsen.se\\\/product\\\/ulvoprinsen-trucker\\\/#primaryimage\",\"url\":\"https:\\\/\\\/ulvoprinsen.se\\\/wp-content\\\/uploads\\\/2023\\\/11\\\/ulvoprinsen_trucker_front_1500.jpg\",\"contentUrl\":\"https:\\\/\\\/ulvoprinsen.se\\\/wp-content\\\/uploads\\\/2023\\\/11\\\/ulvoprinsen_trucker_front_1500.jpg\",\"width\":1500,\"height\":1500},{\"@type\":\"BreadcrumbList\",\"@id\":\"https:\\\/\\\/ulvoprinsen.se\\\/product\\\/ulvoprinsen-trucker\\\/#breadcrumb\",\"itemListElement\":[{\"@type\":\"ListItem\",\"position\":1,\"name\":\"Home\",\"item\":\"https:\\\/\\\/ulvoprinsen.se\\\/\"},{\"@type\":\"ListItem\",\"position\":2,\"name\":\"Shop all\",\"item\":\"https:\\\/\\\/ulvoprinsen.se\\\/shop-all\\\/\"},{\"@type\":\"ListItem\",\"position\":3,\"name\":\"Ulv\u00f6prinsen Trucker Keps\"}]},{\"@type\":\"WebSite\",\"@id\":\"https:\\\/\\\/ulvoprinsen.se\\\/#website\",\"url\":\"https:\\\/\\\/ulvoprinsen.se\\\/\",\"name\":\"Ulv\u00f6prinsen\",\"description\":\"Klassiskt surstr\u00f6mmingsm\u00e4rke sedan 1932\",\"publisher\":{\"@id\":\"https:\\\/\\\/ulvoprinsen.se\\\/#organization\"},\"potentialAction\":[{\"@type\":\"SearchAction\",\"target\":{\"@type\":\"EntryPoint\",\"urlTemplate\":\"https:\\\/\\\/ulvoprinsen.se\\\/?s={search_term_string}\"},\"query-input\":{\"@type\":\"PropertyValueSpecification\",\"valueRequired\":true,\"valueName\":\"search_term_string\"}}],\"inLanguage\":\"en-GB\"},{\"@type\":\"Organization\",\"@id\":\"https:\\\/\\\/ulvoprinsen.se\\\/#organization\",\"name\":\"Ulv\u00f6prinsen\",\"url\":\"https:\\\/\\\/ulvoprinsen.se\\\/\",\"logo\":{\"@type\":\"ImageObject\",\"inLanguage\":\"en-GB\",\"@id\":\"https:\\\/\\\/ulvoprinsen.se\\\/#\\\/schema\\\/logo\\\/image\\\/\",\"url\":\"https:\\\/\\\/ulvoprinsen.se\\\/wp-content\\\/uploads\\\/2023\\\/11\\\/cropped-logga_namn.png\",\"contentUrl\":\"https:\\\/\\\/ulvoprinsen.se\\\/wp-content\\\/uploads\\\/2023\\\/11\\\/cropped-logga_namn.png\",\"width\":362,\"height\":100,\"caption\":\"Ulv\u00f6prinsen\"},\"image\":{\"@id\":\"https:\\\/\\\/ulvoprinsen.se\\\/#\\\/schema\\\/logo\\\/image\\\/\"}}]}<\/script>\n<!-- \/ Yoast SEO plugin. -->","yoast_head_json":{"title":"Ulv\u00f6prinsen Trucker Keps - Ulv\u00f6prinsen","robots":{"index":"index","follow":"follow","max-snippet":"max-snippet:-1","max-image-preview":"max-image-preview:large","max-video-preview":"max-video-preview:-1"},"canonical":"https:\/\/ulvoprinsen.se\/en\/product\/ulvoprinsen-trucker\/","og_locale":"en_GB","og_type":"article","og_title":"Ulv\u00f6prinsen Trucker Keps - Ulv\u00f6prinsen","og_description":"En unik och h\u00f6gkvalitativ retro-doftande surstr\u00f6mmingskeps i ett klassiskt Trucker-utf\u00f6rande. Kepsen \u00e4r specialdesignad i f\u00e4rgerna Ulv\u00f6prinsen-bl\u00e5 och off white. Logga och symbol \u00e4r broderat p\u00e5 framsidan. P\u00e5 baksidan \u00e4r ordet surstr\u00f6mming broderat. Material: Framsida, 100% bomull Baksida: 100% Polyester  Sk\u00f6tselr\u00e5d: Handtv\u00e4ttRead More","og_url":"https:\/\/ulvoprinsen.se\/en\/product\/ulvoprinsen-trucker\/","og_site_name":"Ulv\u00f6prinsen","article_modified_time":"2025-12-09T15:34:54+00:00","og_image":[{"width":1500,"height":1500,"url":"https:\/\/ulvoprinsen.se\/wp-content\/uploads\/2023\/11\/ulvoprinsen_trucker_front_1500.jpg","type":"image\/jpeg"}],"twitter_card":"summary_large_image","schema":{"@context":"https:\/\/schema.org","@graph":[{"@type":"WebPage","@id":"https:\/\/ulvoprinsen.se\/product\/ulvoprinsen-trucker\/","url":"https:\/\/ulvoprinsen.se\/product\/ulvoprinsen-trucker\/","name":"Ulv\u00f6prinsen Trucker Keps - Ulv\u00f6prinsen","isPartOf":{"@id":"https:\/\/ulvoprinsen.se\/#website"},"primaryImageOfPage":{"@id":"https:\/\/ulvoprinsen.se\/product\/ulvoprinsen-trucker\/#primaryimage"},"image":{"@id":"https:\/\/ulvoprinsen.se\/product\/ulvoprinsen-trucker\/#primaryimage"},"thumbnailUrl":"https:\/\/ulvoprinsen.se\/wp-content\/uploads\/2023\/11\/ulvoprinsen_trucker_front_1500.jpg","datePublished":"2023-11-19T08:56:01+00:00","dateModified":"2025-12-09T15:34:54+00:00","breadcrumb":{"@id":"https:\/\/ulvoprinsen.se\/product\/ulvoprinsen-trucker\/#breadcrumb"},"inLanguage":"en-GB","potentialAction":[{"@type":"ReadAction","target":["https:\/\/ulvoprinsen.se\/product\/ulvoprinsen-trucker\/"]}]},{"@type":"ImageObject","inLanguage":"en-GB","@id":"https:\/\/ulvoprinsen.se\/product\/ulvoprinsen-trucker\/#primaryimage","url":"https:\/\/ulvoprinsen.se\/wp-content\/uploads\/2023\/11\/ulvoprinsen_trucker_front_1500.jpg","contentUrl":"https:\/\/ulvoprinsen.se\/wp-content\/uploads\/2023\/11\/ulvoprinsen_trucker_front_1500.jpg","width":1500,"height":1500},{"@type":"BreadcrumbList","@id":"https:\/\/ulvoprinsen.se\/product\/ulvoprinsen-trucker\/#breadcrumb","itemListElement":[{"@type":"ListItem","position":1,"name":"Home","item":"https:\/\/ulvoprinsen.se\/"},{"@type":"ListItem","position":2,"name":"Shop all","item":"https:\/\/ulvoprinsen.se\/shop-all\/"},{"@type":"ListItem","position":3,"name":"Ulv\u00f6prinsen Trucker Keps"}]},{"@type":"WebSite","@id":"https:\/\/ulvoprinsen.se\/#website","url":"https:\/\/ulvoprinsen.se\/","name":"Ulv\u00f6prinsen","description":"Klassiskt surstr\u00f6mmingsm\u00e4rke sedan 1932","publisher":{"@id":"https:\/\/ulvoprinsen.se\/#organization"},"potentialAction":[{"@type":"SearchAction","target":{"@type":"EntryPoint","urlTemplate":"https:\/\/ulvoprinsen.se\/?s={search_term_string}"},"query-input":{"@type":"PropertyValueSpecification","valueRequired":true,"valueName":"search_term_string"}}],"inLanguage":"en-GB"},{"@type":"Organization","@id":"https:\/\/ulvoprinsen.se\/#organization","name":"Ulv\u00f6prinsen","url":"https:\/\/ulvoprinsen.se\/","logo":{"@type":"ImageObject","inLanguage":"en-GB","@id":"https:\/\/ulvoprinsen.se\/#\/schema\/logo\/image\/","url":"https:\/\/ulvoprinsen.se\/wp-content\/uploads\/2023\/11\/cropped-logga_namn.png","contentUrl":"https:\/\/ulvoprinsen.se\/wp-content\/uploads\/2023\/11\/cropped-logga_namn.png","width":362,"height":100,"caption":"Ulv\u00f6prinsen"},"image":{"@id":"https:\/\/ulvoprinsen.se\/#\/schema\/logo\/image\/"}}]}},"_links":{"self":[{"href":"https:\/\/ulvoprinsen.se\/en\/wp-json\/wp\/v2\/product\/26","targetHints":{"allow":["GET"]}}],"collection":[{"href":"https:\/\/ulvoprinsen.se\/en\/wp-json\/wp\/v2\/product"}],"about":[{"href":"https:\/\/ulvoprinsen.se\/en\/wp-json\/wp\/v2\/types\/product"}],"wp:featuredmedia":[{"embeddable":true,"href":"https:\/\/ulvoprinsen.se\/en\/wp-json\/wp\/v2\/media\/116"}],"wp:attachment":[{"href":"https:\/\/ulvoprinsen.se\/en\/wp-json\/wp\/v2\/media?parent=26"}],"wp:term":[{"taxonomy":"product_brand","embeddable":true,"href":"https:\/\/ulvoprinsen.se\/en\/wp-json\/wp\/v2\/product_brand?post=26"},{"taxonomy":"product_cat","embeddable":true,"href":"https:\/\/ulvoprinsen.se\/en\/wp-json\/wp\/v2\/product_cat?post=26"},{"taxonomy":"product_tag","embeddable":true,"href":"https:\/\/ulvoprinsen.se\/en\/wp-json\/wp\/v2\/product_tag?post=26"}],"curies":[{"name":"wp","href":"https:\/\/api.w.org\/{rel}","templated":true}]}}